{"id":24212,"date":"2020-01-21T17:51:38","date_gmt":"2020-01-21T16:51:38","guid":{"rendered":"https:\/\/vinilosalacarta.com\/tienda\/?page_id=24212"},"modified":"2020-01-21T17:51:45","modified_gmt":"2020-01-21T16:51:45","slug":"derechos-de-autor-sobre-los-disenps","status":"publish","type":"page","link":"https:\/\/vinilosalacarta.com\/tienda\/derechos-de-autor-sobre-los-disenps\/","title":{"rendered":"Derechos de autor sobre los dise\u00f1os"},"content":{"rendered":"\n<h1 class=\"wp-block-heading\"><\/h1>\n\n\n\n<p>En Vinilos a la Carta no imprimimos marcas o dise\u00f1os registrados a nos ser que el cliente acredite la autor\u00eda del dise\u00f1o. En cualquier caso deber\u00e1 demostrar por escrito ser el propietario del dise\u00f1o.<\/p>\n\n\n\n<p>En el caso de que se trate de una marca o dise\u00f1o registrado y desconocido por nosotros, Vinilos a la Carta no se har\u00e1 en ning\u00fan caso  responsable ni del fichero, ni de los productos personalizados, siendo el cliente que ha realizado el pedido el responsable en cualquier aspecto, incluidas demandas judiciales.<br><\/p>\n","protected":false},"excerpt":{"rendered":"<p>En Vinilos a la Carta no imprimimos marcas o dise\u00f1os registrados a nos ser que el cliente acredite la autor\u00eda&#8230;<\/p>\n","protected":false},"author":1,"featured_media":0,"parent":0,"menu_order":0,"comment_status":"closed","ping_status":"closed","template":"","meta":{"footnotes":""},"yst_prominent_words":[1749,1750,1513,1751,1729,1712],"class_list":["post-24212","page","type-page","status-publish","hentry"],"_links":{"self":[{"href":"https:\/\/vinilosalacarta.com\/tienda\/wp-json\/wp\/v2\/pages\/24212","targetHints":{"allow":["GET"]}}],"collection":[{"href":"https:\/\/vinilosalacarta.com\/tienda\/wp-json\/wp\/v2\/pages"}],"about":[{"href":"https:\/\/vinilosalacarta.com\/tienda\/wp-json\/wp\/v2\/types\/page"}],"author":[{"embeddable":true,"href":"https:\/\/vinilosalacarta.com\/tienda\/wp-json\/wp\/v2\/users\/1"}],"replies":[{"embeddable":true,"href":"https:\/\/vinilosalacarta.com\/tienda\/wp-json\/wp\/v2\/comments?post=24212"}],"version-history":[{"count":0,"href":"https:\/\/vinilosalacarta.com\/tienda\/wp-json\/wp\/v2\/pages\/24212\/revisions"}],"wp:attachment":[{"href":"https:\/\/vinilosalacarta.com\/tienda\/wp-json\/wp\/v2\/media?parent=24212"}],"wp:term":[{"taxonomy":"yst_prominent_words","embeddable":true,"href":"https:\/\/vinilosalacarta.com\/tienda\/wp-json\/wp\/v2\/yst_prominent_words?post=24212"}],"curies":[{"name":"wp","href":"https:\/\/api.w.org\/{rel}","templated":true}]}}