{"id":66,"date":"2019-07-26T18:42:35","date_gmt":"2019-07-26T16:42:35","guid":{"rendered":"http:\/\/vinilosalacarta.com\/tienda\/?page_id=66"},"modified":"2019-07-26T18:42:35","modified_gmt":"2019-07-26T16:42:35","slug":"politica-de-cookies","status":"publish","type":"page","link":"https:\/\/vinilosalacarta.com\/tienda\/politica-de-cookies\/","title":{"rendered":"Pol\u00edtica de Cookies"},"content":{"rendered":"\n<p> <strong>POL\u00cdTICA DE COOKIES<\/strong><br>Vinilos a la Carta utiliza cookies en tu p\u00e1gina web para analizar el sitio web y las redes sociales as\u00ed como para mejorar la experiencia de los visitantes. Podr\u00e1s continuar utilizando el sitio web haciendo click en el bot\u00f3n \u201ccontinuar\u201d aceptando as\u00ed el uso de cookies. Para obtener m\u00e1s informaci\u00f3n acerca de las cookies y c\u00f3mo se utilizan, echa un vistazo a nuestra pol\u00edtica de cookies.<br><strong>\u00bf Qu\u00e9 son las cookies ?<\/strong><br>Una cookie es un fichero que se descarga en tu ordenador al acceder a determinadas p\u00e1ginas web. Las cookies permiten a una p\u00e1gina web, entre otras cosas, almacenar y recuperar informaci\u00f3n sobre los h\u00e1bitos de navegaci\u00f3n de un usuario o de su equipo y, dependiendo de la informaci\u00f3n que contengan y de la forma en que uses tu equipo, pueden utilizarse para reconocer al usuario.<br><strong>Tipos de cookies<\/strong><br>Los tipos de cookies m\u00e1s frecuentes que puedes encontrar cuando navegas por internet son los siguientes:<br><em><strong>Cookies propias:<\/strong><\/em> Son las que se env\u00edan al equipo terminal del usuario desde un equipo o dominio gestionado por el propio editor, y desde el que se presta el servicio solicitado por el usuario.<br><em><strong>Cookies de terceros:<\/strong><\/em> Son las que se env\u00edan al equipo terminal del usuario desde un equipo o dominio que no es gestionado por el editor, sino por otra entidad que trata los datos obtenidos trav\u00e9s de las cookies.<br><strong><em>Cookies de sesi\u00f3n:<\/em><\/strong> Son un tipo de cookies dise\u00f1adas para recabar y almacenar datos mientras el usuario accede a una p\u00e1gina web.<br><strong><em>Cookies persistentes:<\/em><\/strong> Son un tipo de cookies en el que los datos siguen almacenados en el terminal y pueden ser accedidos y tratados durante un periodo definido por el responsable de la cookie, y que puede ir de unos minutos a varios a\u00f1os.<br><strong><em>Cookies de an\u00e1lisis:<\/em><\/strong> Son las tratadas por el editor o por terceros, y permiten cuantificar el n\u00famero de usuarios, realizar la medici\u00f3n y an\u00e1lisis estad\u00edstico de la utilizaci\u00f3n que hacen los propios usuarios del servicio ofertado. Para ello, se analiza la navegaci\u00f3n que realiza el usuario en la p\u00e1gina web, con el fin de mejorar la oferta de productos o servicios que se ofrecen.<br><strong><em>Cookies publicitarias:<\/em><\/strong> Son las que permiten la gesti\u00f3n, de la forma m\u00e1s eficaz posible, de los espacios publicitarios que, en su caso, el editor haya incluido en una p\u00e1gina web, aplicaci\u00f3n o plataforma desde la que presta el servicio solicitado en base a criterios como el contenido editado, o la frecuencia en la que se muestran los anuncios.<br>En Vinilos a la Carta s\u00f3lo utilizamos cookies propias para recordar preferencias de navegaci\u00f3n tales como el idioma preferido. Tambi\u00e9n utilizamos cookies de an\u00e1lisis, mediante las que estudiamos las estad\u00edsticas de uso que los usuarios hacen de nuestra web. Para ello, utilizamos Google Analytics con unos t\u00e9rminos y condiciones de uso espec\u00edficos. En ning\u00fan momento guardamos ning\u00fan tipo de informaci\u00f3n personal, ni utilizamos ning\u00fan otro tipo de cookie adicional.<br>Vinilos a la Carta utiliza cookies para recordar las preferencias de los usuarios y optimizar el dise\u00f1o del sitio web.<br>Revocaci\u00f3n y eliminaci\u00f3n de cookies<br>Puedes permitir, bloquear o eliminar las cookies instaladas en tu equipo, mediante la configuraci\u00f3n de las opciones del navegador instalado en tu ordenador. En caso de que no permitas la instalaci\u00f3n de cookies en tu navegador, es posible que no puedas acceder a alguna de las secciones de nuestra web.<br>Consulta la configuraci\u00f3n de cookies en\u00a0<a href=\"https:\/\/support.google.com\/chrome\/answer\/95647?hl=es\">Google Chrome.<\/a><br>Consulta la configuraci\u00f3n de cookies en\u00a0<a href=\"https:\/\/support.mozilla.org\/es\/kb\/habilitar-y-deshabilitar-cookies-sitios-web-rastrear-preferencias?redirectlocale=es&amp;redirectslug=habilitar-y-deshabilitar-cookies-que-los-sitios-we\">Mozilla Firefox.<\/a><br>Consulta la configuraci\u00f3n de cookies en\u00a0<a href=\"https:\/\/support.microsoft.com\/es-es\/help\/17442\/windows-internet-explorer-delete-manage-cookies\">Internet Explorer.<\/a><br>Consulta la configuraci\u00f3n de cookies en\u00a0<a href=\"https:\/\/www.apple.com\/legal\/privacy\/es\/cookies\/\">Safari.<\/a><br>Consulta la configuraci\u00f3n de cookies en\u00a0<a href=\"http:\/\/help.opera.com\/Windows\/11.50\/es-ES\/cookies.html\">Opera.<\/a><br>Si tienes alguna duda o quieres saber algo m\u00e1s, no dudes en contactar con nosotros. <\/p>\n","protected":false},"excerpt":{"rendered":"<p>POL\u00cdTICA DE COOKIESVinilos a la Carta utiliza cookies en tu p\u00e1gina web para analizar el sitio web y las redes&#8230;<\/p>\n","protected":false},"author":1,"featured_media":0,"parent":0,"menu_order":0,"comment_status":"closed","ping_status":"closed","template":"","meta":{"footnotes":""},"yst_prominent_words":[1738,1732,1731,1730,1747,1742,1734,1744,1735,1737,1740,1745,1736,1714,1743,1746,1741,1739,1712,1733],"class_list":["post-66","page","type-page","status-publish","hentry"],"_links":{"self":[{"href":"https:\/\/vinilosalacarta.com\/tienda\/wp-json\/wp\/v2\/pages\/66","targetHints":{"allow":["GET"]}}],"collection":[{"href":"https:\/\/vinilosalacarta.com\/tienda\/wp-json\/wp\/v2\/pages"}],"about":[{"href":"https:\/\/vinilosalacarta.com\/tienda\/wp-json\/wp\/v2\/types\/page"}],"author":[{"embeddable":true,"href":"https:\/\/vinilosalacarta.com\/tienda\/wp-json\/wp\/v2\/users\/1"}],"replies":[{"embeddable":true,"href":"https:\/\/vinilosalacarta.com\/tienda\/wp-json\/wp\/v2\/comments?post=66"}],"version-history":[{"count":0,"href":"https:\/\/vinilosalacarta.com\/tienda\/wp-json\/wp\/v2\/pages\/66\/revisions"}],"wp:attachment":[{"href":"https:\/\/vinilosalacarta.com\/tienda\/wp-json\/wp\/v2\/media?parent=66"}],"wp:term":[{"taxonomy":"yst_prominent_words","embeddable":true,"href":"https:\/\/vinilosalacarta.com\/tienda\/wp-json\/wp\/v2\/yst_prominent_words?post=66"}],"curies":[{"name":"wp","href":"https:\/\/api.w.org\/{rel}","templated":true}]}}