{"id":68,"date":"2019-07-26T19:34:24","date_gmt":"2019-07-26T17:34:24","guid":{"rendered":"http:\/\/vinilosalacarta.com\/tienda\/?page_id=68"},"modified":"2019-07-26T19:34:24","modified_gmt":"2019-07-26T17:34:24","slug":"terminos-y-condiciones","status":"publish","type":"page","link":"https:\/\/vinilosalacarta.com\/tienda\/terminos-y-condiciones\/","title":{"rendered":"T\u00e9rminos y condiciones"},"content":{"rendered":"\n<h1 class=\"wp-block-heading\">T\u00e9rminos y Condiciones de venta<\/h1>\n\n\n\n<p>Las presentes Condiciones Generales (en adelante, las \u201cCondiciones Generales\u201d) regulan el uso del sitio web www.vinilosalacarta.com (en adelante, el \u201cSitio Web\u201d) titularidad de Vinilos a la Carta C.B. (en adelante \u201cVinilos a la Carta\u201d) y las condiciones de compra de productos a trav\u00e9s del Sitio Web.<\/p>\n\n\n\n<p>Vinilos a la Carta es una plataforma web de comercializaci\u00f3n de productos y servicios ofrecidos por Vinilos a la Carta C.B, comunidad de bienes espa\u00f1ola, con domicilio en C\/ Doctor Ben\u00edtez 1, 06380 Jerez de los Caballeros, Badajoz, con n\u00famero de CIF E06738710.<\/p>\n\n\n\n<p>Mediante la aceptaci\u00f3n de las Condiciones Generales, el usuario consiente en ser cliente de Vinilos a la Carta, y sus datos pasar\u00e1n a formar parte de los ficheros de bases de datos de dicha sociedad, y el tratamiento de esos ficheros ser\u00e1 conforme a lo previsto en la Pol\u00edtica de Privacidad.<\/p>\n\n\n\n<p>Vinilos a la Carta proporciona informaci\u00f3n sobre productos y servicios, y ofrece la posibilidad de adquirirlos o contratar sus servicios a trav\u00e9s del Sitio Web.<\/p>\n\n\n\n<p>Las presentes Condiciones Generales son las \u00fanicas condiciones aplicables al uso del Sitio Web y a la contrataci\u00f3n de productos o servicios a trav\u00e9s del Sitio Web y sustituyen a cualesquiera otras condiciones, salvo previo acuerdo escrito entre Vinilos a la Carta y el Cliente. En consecuencia, el Cliente o Usuario que acceda al Sitio Web y realice la contrataci\u00f3n de productos y servicios a trav\u00e9s del Sitio Web aceptan someterse y quedan vinculados por las Condiciones Generales tal y como est\u00e9n redactadas en el momento en que sea acceda al Sitio Web.<\/p>\n\n\n\n<p>Es imprescindible leer y cumplir las instrucciones de uso de los productos, las cuales se encuentran en el texto de la correspondiente ficha de producto de esta tienda online.<\/p>\n\n\n\n<p>Informaci\u00f3n sobre los productos y servicios<\/p>\n\n\n\n<p>La descripci\u00f3n de los productos y servicios ofrecidos en el Sitio Web se realizan en base a la informaci\u00f3n y documentaci\u00f3n que disponemos o que nos facilitan nuestros proveedores.<\/p>\n\n\n\n<p>Las fotograf\u00edas tienen por objeto aportar el m\u00e1ximo de informaci\u00f3n sobre los productos y servicios.<\/p>\n\n\n\n<p>En caso de que, por circunstancias ajenas a nuestro control, el producto o el Servicio no est\u00e9 disponible despu\u00e9s de realizar la compra, Vinilos a la Carta informar\u00e1 al Cliente por email lo antes posible para buscar una soluci\u00f3n.<\/p>\n\n\n\n<p><strong>Precios de los productos y servicios<\/strong><\/p>\n\n\n\n<p>Todas nuestras facturas se emiten exclusivamente en euros.<\/p>\n\n\n\n<p>Vinilos a la Carta se reserva el derecho a modificar sus precios en cualquier momento. Los productos y Servicios se facturar\u00e1n al precio en vigor en el momento de tramitaci\u00f3n del pedido.<\/p>\n\n\n\n<p>Los descuentos no son acumulables a precios de oferta.<\/p>\n\n\n\n<p><strong>Env\u00edos, Portes y Disponibilidades<\/strong><\/p>\n\n\n\n<p>Los gastos de env\u00edo se calcular\u00e1n en funci\u00f3n del destino o direcci\u00f3n de entrega as\u00ed como del volumen y peso de los productos comprados.<\/p>\n\n\n\n<p>Vinilos a la Carta se reserva el derecho de modificaci\u00f3n de las condiciones aplicables al servicio de Portes Gratis, y recomendamos al cliente que revise las mismas antes de realizar el pedido.<\/p>\n\n\n\n<p>La modificaci\u00f3n de la pol\u00edtica de gastos de env\u00edo no afectar\u00e1 a los pedidos confirmados con anterioridad a ese momento.<\/p>\n\n\n\n<p>La direcci\u00f3n de env\u00edo debe ser al mismo pa\u00eds que el de la direcci\u00f3n de facturaci\u00f3n. Y se aplicar\u00e1n los impuestos correspondientes al pa\u00eds donde se realiza la entrega del pedido.<\/p>\n\n\n\n<p>Nuestro servicio de entrega es siempre de puerta a puerta, salvo que expresamente se acuerde otro tipo de servicio. En caso de que la direcci\u00f3n de entrega del cliente sea en un piso superior a la planta baja y se haya realizado un pedido con mercanc\u00eda voluminosa o pesada, es posible que la agencia solo pueda entregarlo a pie de calle.<\/p>\n\n\n\n<p>En la ficha de cada producto se indica su disponibilidad. Al realizar un pedido, la fecha de entrega ser\u00e1 la del producto con una disponibilidad m\u00e1s tard\u00eda.<\/p>\n\n\n\n<p>Pago de los productos y servicios<\/p>\n\n\n\n<p>Durante la tramitaci\u00f3n del pedido, el Cliente debe realizar el pago inmediatamente mediante tarjeta de cr\u00e9dito, de d\u00e9bito, transferencia bancaria o mediante el sistema PayPal.<\/p>\n\n\n\n<p>Los pedidos se preparar\u00e1n s\u00f3lo cuando el pago est\u00e9 confirmado. Por este motivo, los pedidos que se paguen mediante tarjeta de cr\u00e9dito\/Paypal se tramitar\u00e1n inmediatamente. En los pagos mediante transferencia el pedido se tramitar\u00e1 una vez hayamos recibido el pago en nuestra cuenta bancaria. La reserva de stock se realiza al recibir el pago en nuestra cuenta. Si no recibimos el pago de tu pedido en 7 d\u00edas h\u00e1biles, se cancelar\u00e1 autom\u00e1ticamente.<\/p>\n\n\n\n<p>Considera la opci\u00f3n de pago por&nbsp;<strong>tarjeta<\/strong>&nbsp;por sus numerosas ventajas: inmediatez, reserva inmediata de stock, financiaci\u00f3n del pago, reducci\u00f3n de costes.<\/p>\n\n\n\n<p>No aceptamos pago por transferencia en la compra de productos ofertados en campa\u00f1as especiales.<\/p>\n\n\n\n<p><strong>Devoluciones y cambios<\/strong><\/p>\n\n\n\n<p>El plazo para poder realizar una devoluci\u00f3n es 15 d\u00edas desde la fecha de entrega del producto.<\/p>\n\n\n\n<p>Para solicitar una devoluci\u00f3n o cambio de un producto comprado en Vinilos a la Carta , el Cliente debe enviar un email a info@vinilosalacarta.com indicando el n\u00famero de pedido y explicando el problema. A continuaci\u00f3n, se le contactar\u00e1 por email para gestionar la devoluci\u00f3n o reposici\u00f3n. Cuando se confirme al cliente que el producto va a ser recogido por la agencia, entenderemos que el producto est\u00e1 listo e inmediatamente disponible en horario laboral.<\/p>\n\n\n\n<p>Si el motivo de la devoluci\u00f3n no ha sido causada por Vinilos a la Carta, el cliente tendr\u00e1 que abonar los gastos de env\u00edo y se aplicar\u00e1 una devaluaci\u00f3n del 5% del valor de compra en concepto de gastos de gesti\u00f3n.<\/p>\n\n\n\n<p>En pedidos de productos producidos a demanda, una vez se haya formalizado la solicitud no ser\u00e1 posible su cancelaci\u00f3n si ya ha entrado en fase de producci\u00f3n. Por lo que no es reembolsable el importe pagado por el servicio de producci\u00f3n debido a que no podemos aprovechar para la venta productos fabricados sobre demanda.<\/p>\n\n\n\n<p>Estos t\u00e9rminos y condiciones son un resumen de los aspectos m\u00e1s relevantes de las condiciones generales que se detallan en la secci\u00f3n \u201cC\u00f3mo comprar\u201d, que se encuentra al pie de ese sitio web.<\/p>\n","protected":false},"excerpt":{"rendered":"<p>T\u00e9rminos y Condiciones de venta Las presentes Condiciones Generales (en adelante, las \u201cCondiciones Generales\u201d) regulan el uso del sitio web&#8230;<\/p>\n","protected":false},"author":1,"featured_media":0,"parent":0,"menu_order":0,"comment_status":"closed","ping_status":"closed","template":"","meta":{"footnotes":""},"yst_prominent_words":[1722,1728,1717,1724,1726,1727,1725,1617,1713,1721,1723,1716,1714,1719,1715,1720,1729,1712,1718,731],"class_list":["post-68","page","type-page","status-publish","hentry"],"_links":{"self":[{"href":"https:\/\/vinilosalacarta.com\/tienda\/wp-json\/wp\/v2\/pages\/68","targetHints":{"allow":["GET"]}}],"collection":[{"href":"https:\/\/vinilosalacarta.com\/tienda\/wp-json\/wp\/v2\/pages"}],"about":[{"href":"https:\/\/vinilosalacarta.com\/tienda\/wp-json\/wp\/v2\/types\/page"}],"author":[{"embeddable":true,"href":"https:\/\/vinilosalacarta.com\/tienda\/wp-json\/wp\/v2\/users\/1"}],"replies":[{"embeddable":true,"href":"https:\/\/vinilosalacarta.com\/tienda\/wp-json\/wp\/v2\/comments?post=68"}],"version-history":[{"count":0,"href":"https:\/\/vinilosalacarta.com\/tienda\/wp-json\/wp\/v2\/pages\/68\/revisions"}],"wp:attachment":[{"href":"https:\/\/vinilosalacarta.com\/tienda\/wp-json\/wp\/v2\/media?parent=68"}],"wp:term":[{"taxonomy":"yst_prominent_words","embeddable":true,"href":"https:\/\/vinilosalacarta.com\/tienda\/wp-json\/wp\/v2\/yst_prominent_words?post=68"}],"curies":[{"name":"wp","href":"https:\/\/api.w.org\/{rel}","templated":true}]}}