{"id":29391,"date":"2020-04-26T11:49:58","date_gmt":"2020-04-26T09:49:58","guid":{"rendered":"https:\/\/vinilosalacarta.com\/tienda\/?post_type=product&#038;p=29391"},"modified":"2020-04-26T12:15:59","modified_gmt":"2020-04-26T10:15:59","slug":"dame-tu-energia","status":"publish","type":"product","link":"https:\/\/vinilosalacarta.com\/tienda\/producto\/dame-tu-energia\/","title":{"rendered":"Dame tu energ\u00eda"},"content":{"rendered":"","protected":false},"excerpt":{"rendered":"<p>\u00a1Dame tu Energ\u00eda! \u00bfQui\u00e9n no recuerda este m\u00edtico momento en el que Goku acumula la energ\u00eda del planeta?\u00bfSab\u00edas que esta t\u00e9cnica se llama Genki-dama y que se utiliz\u00f3 por primera vez para luchar contra Vegeta?<\/p>\n<p>Camiseta de manga corta, de cuello redondo doble con elastano, confeccionada en tejido tubular en tallas de adulto, y con costuras laterales en tallas de ni\u00f1o, con cubrecosturas reforzado en cuello.<\/p>\n<p>100% algod\u00f3n, punto liso, 155 g\/m\u00b2.100% algod\u00f3n, punto liso. 155 g\/m\u00b2<\/p>\n","protected":false},"featured_media":29403,"template":"","meta":[],"product_cat":[15],"product_tag":[1649,1650,1651,1648,1759,1758,1647,1757],"yst_prominent_words":[],"class_list":["post-29391","product","type-product","status-publish","has-post-thumbnail","hentry","product_cat-sin-categorizar","product_tag-ball","product_tag-bola","product_tag-drac","product_tag-dragon","product_tag-energia","product_tag-genki-dama","product_tag-goku","product_tag-vegeta"],"_links":{"self":[{"href":"https:\/\/vinilosalacarta.com\/tienda\/wp-json\/wp\/v2\/product\/29391","targetHints":{"allow":["GET"]}}],"collection":[{"href":"https:\/\/vinilosalacarta.com\/tienda\/wp-json\/wp\/v2\/product"}],"about":[{"href":"https:\/\/vinilosalacarta.com\/tienda\/wp-json\/wp\/v2\/types\/product"}],"wp:featuredmedia":[{"embeddable":true,"href":"https:\/\/vinilosalacarta.com\/tienda\/wp-json\/wp\/v2\/media\/29403"}],"wp:attachment":[{"href":"https:\/\/vinilosalacarta.com\/tienda\/wp-json\/wp\/v2\/media?parent=29391"}],"wp:term":[{"taxonomy":"product_cat","embeddable":true,"href":"https:\/\/vinilosalacarta.com\/tienda\/wp-json\/wp\/v2\/product_cat?post=29391"},{"taxonomy":"product_tag","embeddable":true,"href":"https:\/\/vinilosalacarta.com\/tienda\/wp-json\/wp\/v2\/product_tag?post=29391"},{"taxonomy":"yst_prominent_words","embeddable":true,"href":"https:\/\/vinilosalacarta.com\/tienda\/wp-json\/wp\/v2\/yst_prominent_words?post=29391"}],"curies":[{"name":"wp","href":"https:\/\/api.w.org\/{rel}","templated":true}]}}