{"id":29417,"date":"2020-04-26T12:22:16","date_gmt":"2020-04-26T10:22:16","guid":{"rendered":"https:\/\/vinilosalacarta.com\/tienda\/?post_type=product&#038;p=29417"},"modified":"2020-04-26T12:31:23","modified_gmt":"2020-04-26T10:31:23","slug":"camiseta-vegeta-cara","status":"publish","type":"product","link":"https:\/\/vinilosalacarta.com\/tienda\/producto\/camiseta-vegeta-cara\/","title":{"rendered":"Vegeta"},"content":{"rendered":"","protected":false},"excerpt":{"rendered":"<p>Camiseta Vegeta Dragon Ball, \u00bfVillano o h\u00e9roe? Nunca un personaje nos gener\u00f3 tantos sentimientos encontrados, eso s\u00ed, carisma no le falta.<\/p>\n<p>Camiseta de manga corta, de cuello redondo doble con elastano, confeccionada en tejido tubular en tallas de adulto, y con costuras laterales en tallas de ni\u00f1o, con cubrecosturas reforzado en cuello.<\/p>\n<p>100% algod\u00f3n, punto liso, 155 g\/m\u00b2.100% algod\u00f3n, punto liso. 155 g\/m\u00b2<\/p>\n","protected":false},"featured_media":29429,"template":"","meta":[],"product_cat":[15],"product_tag":[1649,1650,1764,1651,1648,1654,1652,1655,1757],"yst_prominent_words":[],"class_list":["post-29417","product","type-product","status-publish","has-post-thumbnail","hentry","product_cat-sin-categorizar","product_tag-ball","product_tag-bola","product_tag-cara","product_tag-drac","product_tag-dragon","product_tag-guerrero","product_tag-saiyan","product_tag-super","product_tag-vegeta"],"_links":{"self":[{"href":"https:\/\/vinilosalacarta.com\/tienda\/wp-json\/wp\/v2\/product\/29417","targetHints":{"allow":["GET"]}}],"collection":[{"href":"https:\/\/vinilosalacarta.com\/tienda\/wp-json\/wp\/v2\/product"}],"about":[{"href":"https:\/\/vinilosalacarta.com\/tienda\/wp-json\/wp\/v2\/types\/product"}],"wp:featuredmedia":[{"embeddable":true,"href":"https:\/\/vinilosalacarta.com\/tienda\/wp-json\/wp\/v2\/media\/29429"}],"wp:attachment":[{"href":"https:\/\/vinilosalacarta.com\/tienda\/wp-json\/wp\/v2\/media?parent=29417"}],"wp:term":[{"taxonomy":"product_cat","embeddable":true,"href":"https:\/\/vinilosalacarta.com\/tienda\/wp-json\/wp\/v2\/product_cat?post=29417"},{"taxonomy":"product_tag","embeddable":true,"href":"https:\/\/vinilosalacarta.com\/tienda\/wp-json\/wp\/v2\/product_tag?post=29417"},{"taxonomy":"yst_prominent_words","embeddable":true,"href":"https:\/\/vinilosalacarta.com\/tienda\/wp-json\/wp\/v2\/yst_prominent_words?post=29417"}],"curies":[{"name":"wp","href":"https:\/\/api.w.org\/{rel}","templated":true}]}}