{"id":29430,"date":"2020-04-26T12:33:46","date_gmt":"2020-04-26T10:33:46","guid":{"rendered":"https:\/\/vinilosalacarta.com\/tienda\/?post_type=product&#038;p=29430"},"modified":"2020-04-26T12:42:03","modified_gmt":"2020-04-26T10:42:03","slug":"camiseta-capsule-corp","status":"publish","type":"product","link":"https:\/\/vinilosalacarta.com\/tienda\/producto\/camiseta-capsule-corp\/","title":{"rendered":"Capsule Corp"},"content":{"rendered":"","protected":false},"excerpt":{"rendered":"<p>Capsule Corp, Consigue esta exclusiva camiseta que s\u00f3lo est\u00e1 disponible al comprar una c\u00e1pusla Hoi-Poi, la empresa propiedad del padre de Bulma.<\/p>\n<p>Camiseta de manga corta, de cuello redondo doble con elastano, confeccionada en tejido tubular en tallas de adulto, y con costuras laterales en tallas de ni\u00f1o, con cubrecosturas reforzado en cuello.<\/p>\n<p>100% algod\u00f3n, punto liso, 155 g\/m\u00b2.100% algod\u00f3n, punto liso. 155 g\/m\u00b2<\/p>\n","protected":false},"featured_media":29442,"template":"","meta":[],"product_cat":[15],"product_tag":[1649,1650,1768,1767,1765,1766,1651,1648,1647,1762],"yst_prominent_words":[],"class_list":["post-29430","product","type-product","status-publish","has-post-thumbnail","hentry","product_cat-sin-categorizar","product_tag-ball","product_tag-bola","product_tag-bulma","product_tag-capsula","product_tag-capsule","product_tag-corp","product_tag-drac","product_tag-dragon","product_tag-goku","product_tag-trunks"],"_links":{"self":[{"href":"https:\/\/vinilosalacarta.com\/tienda\/wp-json\/wp\/v2\/product\/29430","targetHints":{"allow":["GET"]}}],"collection":[{"href":"https:\/\/vinilosalacarta.com\/tienda\/wp-json\/wp\/v2\/product"}],"about":[{"href":"https:\/\/vinilosalacarta.com\/tienda\/wp-json\/wp\/v2\/types\/product"}],"wp:featuredmedia":[{"embeddable":true,"href":"https:\/\/vinilosalacarta.com\/tienda\/wp-json\/wp\/v2\/media\/29442"}],"wp:attachment":[{"href":"https:\/\/vinilosalacarta.com\/tienda\/wp-json\/wp\/v2\/media?parent=29430"}],"wp:term":[{"taxonomy":"product_cat","embeddable":true,"href":"https:\/\/vinilosalacarta.com\/tienda\/wp-json\/wp\/v2\/product_cat?post=29430"},{"taxonomy":"product_tag","embeddable":true,"href":"https:\/\/vinilosalacarta.com\/tienda\/wp-json\/wp\/v2\/product_tag?post=29430"},{"taxonomy":"yst_prominent_words","embeddable":true,"href":"https:\/\/vinilosalacarta.com\/tienda\/wp-json\/wp\/v2\/yst_prominent_words?post=29430"}],"curies":[{"name":"wp","href":"https:\/\/api.w.org\/{rel}","templated":true}]}}