{"id":29461,"date":"2020-04-26T13:22:52","date_gmt":"2020-04-26T11:22:52","guid":{"rendered":"https:\/\/vinilosalacarta.com\/tienda\/?post_type=product&#038;p=29461"},"modified":"2020-04-26T13:25:01","modified_gmt":"2020-04-26T11:25:01","slug":"taza-la-mejor-abuela","status":"publish","type":"product","link":"https:\/\/vinilosalacarta.com\/tienda\/producto\/taza-la-mejor-abuela\/","title":{"rendered":"Taza \u00abLa mejor abuela\u00bb"},"content":{"rendered":"","protected":false},"excerpt":{"rendered":"<p>Sorprende a tu abuela con este original regalo. Puedes personalizarlo con un mensaje o una foto.<\/p>\n<ul class=\"_2UDgx\" data-photon=\"product-description-details\">\n<li>9,5 x 8,2 cm<\/li>\n<li>Cer\u00e1mica blanca de alta calidad<\/li>\n<li>Personalizable con la imagen que elijas<\/li>\n<li>Impresi\u00f3n mediante sublimaci\u00f3n t\u00e9rmica<\/li>\n<\/ul>\n","protected":false},"featured_media":29464,"template":"","meta":[],"product_cat":[15],"product_tag":[1770,1769,701,703,700,702,698],"yst_prominent_words":[],"class_list":["post-29461","product","type-product","status-publish","has-post-thumbnail","hentry","product_cat-sin-categorizar","product_tag-abuela","product_tag-increible","product_tag-mejor","product_tag-mundo","product_tag-personalizada","product_tag-regalo","product_tag-taza"],"_links":{"self":[{"href":"https:\/\/vinilosalacarta.com\/tienda\/wp-json\/wp\/v2\/product\/29461","targetHints":{"allow":["GET"]}}],"collection":[{"href":"https:\/\/vinilosalacarta.com\/tienda\/wp-json\/wp\/v2\/product"}],"about":[{"href":"https:\/\/vinilosalacarta.com\/tienda\/wp-json\/wp\/v2\/types\/product"}],"wp:featuredmedia":[{"embeddable":true,"href":"https:\/\/vinilosalacarta.com\/tienda\/wp-json\/wp\/v2\/media\/29464"}],"wp:attachment":[{"href":"https:\/\/vinilosalacarta.com\/tienda\/wp-json\/wp\/v2\/media?parent=29461"}],"wp:term":[{"taxonomy":"product_cat","embeddable":true,"href":"https:\/\/vinilosalacarta.com\/tienda\/wp-json\/wp\/v2\/product_cat?post=29461"},{"taxonomy":"product_tag","embeddable":true,"href":"https:\/\/vinilosalacarta.com\/tienda\/wp-json\/wp\/v2\/product_tag?post=29461"},{"taxonomy":"yst_prominent_words","embeddable":true,"href":"https:\/\/vinilosalacarta.com\/tienda\/wp-json\/wp\/v2\/yst_prominent_words?post=29461"}],"curies":[{"name":"wp","href":"https:\/\/api.w.org\/{rel}","templated":true}]}}