{"id":29475,"date":"2020-05-28T12:44:20","date_gmt":"2020-05-28T10:44:20","guid":{"rendered":"https:\/\/vinilosalacarta.com\/tienda\/?post_type=product&#038;p=29475"},"modified":"2020-05-28T12:44:20","modified_gmt":"2020-05-28T10:44:20","slug":"puzzle-120-piezas","status":"publish","type":"product","link":"https:\/\/vinilosalacarta.com\/tienda\/producto\/puzzle-120-piezas\/","title":{"rendered":"Puzzle 120 piezas"},"content":{"rendered":"","protected":false},"excerpt":{"rendered":"<p>Se trata de un puzzle rectangular de cart\u00f3n de 120 piezas, tama\u00f1o A4, personalizable mediante la t\u00e9cnica de la sublimaci\u00f3n. Podr\u00e1s crear tus propios puzzles con tus im\u00e1genes, d\u00e1ndoles un toque personal y \u00fanico para jugar en familia o con amigos de la forma m\u00e1s divertida posible. Ideal para despertar el ingenio de los m\u00e1s peques de la casa.<\/p>\n<p><strong>Material:<\/strong> Cart\u00f3n.<\/p>\n<p><strong>Acabado:<\/strong> Blanco brillante para conseguir la m\u00e1xima calidad de los colores.<\/p>\n<p>Calidad Premium.<\/p>\n<p><strong>Incluye<\/strong> estuche de P.V.C. transparente individual.<\/p>\n","protected":false},"featured_media":29476,"template":"","meta":[],"product_cat":[15],"product_tag":[1775,1774,1773,702],"yst_prominent_words":[],"class_list":["post-29475","product","type-product","status-publish","has-post-thumbnail","hentry","product_cat-sin-categorizar","product_tag-foto","product_tag-peronalizado","product_tag-puzzle","product_tag-regalo"],"_links":{"self":[{"href":"https:\/\/vinilosalacarta.com\/tienda\/wp-json\/wp\/v2\/product\/29475","targetHints":{"allow":["GET"]}}],"collection":[{"href":"https:\/\/vinilosalacarta.com\/tienda\/wp-json\/wp\/v2\/product"}],"about":[{"href":"https:\/\/vinilosalacarta.com\/tienda\/wp-json\/wp\/v2\/types\/product"}],"wp:featuredmedia":[{"embeddable":true,"href":"https:\/\/vinilosalacarta.com\/tienda\/wp-json\/wp\/v2\/media\/29476"}],"wp:attachment":[{"href":"https:\/\/vinilosalacarta.com\/tienda\/wp-json\/wp\/v2\/media?parent=29475"}],"wp:term":[{"taxonomy":"product_cat","embeddable":true,"href":"https:\/\/vinilosalacarta.com\/tienda\/wp-json\/wp\/v2\/product_cat?post=29475"},{"taxonomy":"product_tag","embeddable":true,"href":"https:\/\/vinilosalacarta.com\/tienda\/wp-json\/wp\/v2\/product_tag?post=29475"},{"taxonomy":"yst_prominent_words","embeddable":true,"href":"https:\/\/vinilosalacarta.com\/tienda\/wp-json\/wp\/v2\/yst_prominent_words?post=29475"}],"curies":[{"name":"wp","href":"https:\/\/api.w.org\/{rel}","templated":true}]}}