{"id":29486,"date":"2020-05-30T11:08:25","date_gmt":"2020-05-30T09:08:25","guid":{"rendered":"https:\/\/vinilosalacarta.com\/tienda\/?post_type=product&#038;p=29486"},"modified":"2020-05-30T11:08:25","modified_gmt":"2020-05-30T09:08:25","slug":"mascarilla-reversible-guardia-civil","status":"publish","type":"product","link":"https:\/\/vinilosalacarta.com\/tienda\/producto\/mascarilla-reversible-guardia-civil\/","title":{"rendered":"Mascarilla Reversible Guardia Civil"},"content":{"rendered":"","protected":false},"excerpt":{"rendered":"<p>Accesorio facial reversible Nivel 3<br \/>\nModelo:<br \/>\n-Cara 1: Escudo Guardia Civil y Bandera Espa\u00f1a<br \/>\n-Cara 2: Bandera Espa\u00f1a<br \/>\nComposici\u00f3n materias primas: 92% PES\/ 8% SPANDEX<br \/>\nCaracter\u00edsticas:<br \/>\n&#8211; N\u00famero m\u00e1ximo de ciclos de lavado en los que se garantiza la protecci\u00f3n de la mascarilla: 25<br \/>\n&#8211; Las mascarillas deber\u00e1n ser lavadas usando un ciclo de lavado normal, completo, a 60\u00ba con detergente.<br \/>\n-Esta mascarilla deber\u00e1 ser usada como complemento a las medidas de protecci\u00f3n e higiene recomendadas en las reglas de distanciamiento social fundamentales para el control del Covid-19<br \/>\nNOTA IMPORTANTE: Las mascarillas de nivel 2 y 3 no est\u00e1n encuadradas como material m\u00e9dico o equipamiento de protecci\u00f3n individual EPI<\/p>\n","protected":false},"featured_media":29487,"template":"","meta":[],"product_cat":[15],"product_tag":[1787,1789,1788,1786,1784,1790,1785],"yst_prominent_words":[],"class_list":["post-29486","product","type-product","status-publish","has-post-thumbnail","hentry","product_cat-sin-categorizar","product_tag-civil","product_tag-ejercito","product_tag-espana","product_tag-guardia","product_tag-mascarilla","product_tag-proteccion","product_tag-reversible"],"_links":{"self":[{"href":"https:\/\/vinilosalacarta.com\/tienda\/wp-json\/wp\/v2\/product\/29486","targetHints":{"allow":["GET"]}}],"collection":[{"href":"https:\/\/vinilosalacarta.com\/tienda\/wp-json\/wp\/v2\/product"}],"about":[{"href":"https:\/\/vinilosalacarta.com\/tienda\/wp-json\/wp\/v2\/types\/product"}],"wp:featuredmedia":[{"embeddable":true,"href":"https:\/\/vinilosalacarta.com\/tienda\/wp-json\/wp\/v2\/media\/29487"}],"wp:attachment":[{"href":"https:\/\/vinilosalacarta.com\/tienda\/wp-json\/wp\/v2\/media?parent=29486"}],"wp:term":[{"taxonomy":"product_cat","embeddable":true,"href":"https:\/\/vinilosalacarta.com\/tienda\/wp-json\/wp\/v2\/product_cat?post=29486"},{"taxonomy":"product_tag","embeddable":true,"href":"https:\/\/vinilosalacarta.com\/tienda\/wp-json\/wp\/v2\/product_tag?post=29486"},{"taxonomy":"yst_prominent_words","embeddable":true,"href":"https:\/\/vinilosalacarta.com\/tienda\/wp-json\/wp\/v2\/yst_prominent_words?post=29486"}],"curies":[{"name":"wp","href":"https:\/\/api.w.org\/{rel}","templated":true}]}}