{"id":29490,"date":"2020-05-30T11:13:40","date_gmt":"2020-05-30T09:13:40","guid":{"rendered":"https:\/\/vinilosalacarta.com\/tienda\/?post_type=product&#038;p=29490"},"modified":"2020-05-30T11:16:10","modified_gmt":"2020-05-30T09:16:10","slug":"mascarilla-reversible-camuflaje-arido","status":"publish","type":"product","link":"https:\/\/vinilosalacarta.com\/tienda\/producto\/mascarilla-reversible-camuflaje-arido\/","title":{"rendered":"Mascarilla Reversible Camuflaje \u00c1rido"},"content":{"rendered":"","protected":false},"excerpt":{"rendered":"<p>Accesorio facial reversible Nivel 3<br \/>\nModelo:<br \/>\n-Cara 1: Color camuflaje \u00e1rido y bandera Espa\u00f1a<br \/>\n-Cara 2: Color verde y bandera Espa\u00f1a<br \/>\nComposici\u00f3n materias primas: 92% PES\/ 8% SPANDEX<br \/>\nCaracter\u00edsticas:<br \/>\n&#8211; N\u00famero m\u00e1ximo de ciclos de lavado en los que se garantiza la protecci\u00f3n de la mascarilla: 25<br \/>\n&#8211; Las mascarillas deber\u00e1n ser lavadas usando un ciclo de lavado normal, completo, a 60\u00ba con detergente.<br \/>\n-Esta mascarilla deber\u00e1 ser usada como complemento a las medidas de protecci\u00f3n e higiene recomendadas en las reglas de distanciamiento social fundamentales para el control del Covid-19<br \/>\nNOTA IMPORTANTE: Las mascarillas de nivel 2 y 3 no est\u00e1n encuadradas como material m\u00e9dico o equipamiento de protecci\u00f3n individual EPI<\/p>\n","protected":false},"featured_media":29491,"template":"","meta":[],"product_cat":[15],"product_tag":[1796,1795,1793,1797,1789,1788,1784,1790,1785,1794],"yst_prominent_words":[],"class_list":["post-29490","product","type-product","status-publish","has-post-thumbnail","hentry","product_cat-sin-categorizar","product_tag-arida","product_tag-arido","product_tag-camuflaje","product_tag-caza","product_tag-ejercito","product_tag-espana","product_tag-mascarilla","product_tag-proteccion","product_tag-reversible","product_tag-tierra"],"_links":{"self":[{"href":"https:\/\/vinilosalacarta.com\/tienda\/wp-json\/wp\/v2\/product\/29490","targetHints":{"allow":["GET"]}}],"collection":[{"href":"https:\/\/vinilosalacarta.com\/tienda\/wp-json\/wp\/v2\/product"}],"about":[{"href":"https:\/\/vinilosalacarta.com\/tienda\/wp-json\/wp\/v2\/types\/product"}],"wp:featuredmedia":[{"embeddable":true,"href":"https:\/\/vinilosalacarta.com\/tienda\/wp-json\/wp\/v2\/media\/29491"}],"wp:attachment":[{"href":"https:\/\/vinilosalacarta.com\/tienda\/wp-json\/wp\/v2\/media?parent=29490"}],"wp:term":[{"taxonomy":"product_cat","embeddable":true,"href":"https:\/\/vinilosalacarta.com\/tienda\/wp-json\/wp\/v2\/product_cat?post=29490"},{"taxonomy":"product_tag","embeddable":true,"href":"https:\/\/vinilosalacarta.com\/tienda\/wp-json\/wp\/v2\/product_tag?post=29490"},{"taxonomy":"yst_prominent_words","embeddable":true,"href":"https:\/\/vinilosalacarta.com\/tienda\/wp-json\/wp\/v2\/yst_prominent_words?post=29490"}],"curies":[{"name":"wp","href":"https:\/\/api.w.org\/{rel}","templated":true}]}}