{"id":29516,"date":"2020-05-30T12:07:12","date_gmt":"2020-05-30T10:07:12","guid":{"rendered":"https:\/\/vinilosalacarta.com\/tienda\/?post_type=product&#038;p=29516"},"modified":"2020-05-30T12:08:40","modified_gmt":"2020-05-30T10:08:40","slug":"taza-mejor-papa-en-el-mundo","status":"publish","type":"product","link":"https:\/\/vinilosalacarta.com\/tienda\/producto\/taza-mejor-papa-en-el-mundo\/","title":{"rendered":"Taza \u00abMejor Pap\u00e1 en el mundo\u00bb"},"content":{"rendered":"","protected":false},"excerpt":{"rendered":"<p>Sorprende a pap\u00e1 con este original regalo. Puedes personalizarlo con un mensaje o una foto.<\/p>\n<ul class=\"_2UDgx\" data-photon=\"product-description-details\">\n<li>9,5 x 8,2 cm<\/li>\n<li>Cer\u00e1mica blanca de alta calidad<\/li>\n<li>Personalizable con la imagen que elijas<\/li>\n<li>Impresi\u00f3n mediante sublimaci\u00f3n t\u00e9rmica<\/li>\n<\/ul>\n","protected":false},"featured_media":29519,"template":"","meta":[],"product_cat":[15],"product_tag":[1769,701,703,1815,1814,700,702,698],"yst_prominent_words":[],"class_list":["post-29516","product","type-product","status-publish","has-post-thumbnail","hentry","product_cat-sin-categorizar","product_tag-increible","product_tag-mejor","product_tag-mundo","product_tag-padre","product_tag-papa","product_tag-personalizada","product_tag-regalo","product_tag-taza"],"_links":{"self":[{"href":"https:\/\/vinilosalacarta.com\/tienda\/wp-json\/wp\/v2\/product\/29516","targetHints":{"allow":["GET"]}}],"collection":[{"href":"https:\/\/vinilosalacarta.com\/tienda\/wp-json\/wp\/v2\/product"}],"about":[{"href":"https:\/\/vinilosalacarta.com\/tienda\/wp-json\/wp\/v2\/types\/product"}],"wp:featuredmedia":[{"embeddable":true,"href":"https:\/\/vinilosalacarta.com\/tienda\/wp-json\/wp\/v2\/media\/29519"}],"wp:attachment":[{"href":"https:\/\/vinilosalacarta.com\/tienda\/wp-json\/wp\/v2\/media?parent=29516"}],"wp:term":[{"taxonomy":"product_cat","embeddable":true,"href":"https:\/\/vinilosalacarta.com\/tienda\/wp-json\/wp\/v2\/product_cat?post=29516"},{"taxonomy":"product_tag","embeddable":true,"href":"https:\/\/vinilosalacarta.com\/tienda\/wp-json\/wp\/v2\/product_tag?post=29516"},{"taxonomy":"yst_prominent_words","embeddable":true,"href":"https:\/\/vinilosalacarta.com\/tienda\/wp-json\/wp\/v2\/yst_prominent_words?post=29516"}],"curies":[{"name":"wp","href":"https:\/\/api.w.org\/{rel}","templated":true}]}}