{"id":29573,"date":"2020-05-31T13:40:50","date_gmt":"2020-05-31T11:40:50","guid":{"rendered":"https:\/\/vinilosalacarta.com\/tienda\/?post_type=product&#038;p=29573"},"modified":"2020-05-31T13:43:33","modified_gmt":"2020-05-31T11:43:33","slug":"taza-mejor-mama-del-mundo","status":"publish","type":"product","link":"https:\/\/vinilosalacarta.com\/tienda\/producto\/taza-mejor-mama-del-mundo\/","title":{"rendered":"Taza \u00abMejor Mam\u00e1 del Mundo\u00bb"},"content":{"rendered":"","protected":false},"excerpt":{"rendered":"<p>Sorprende a mam\u00e1 con este original regalo. Puedes personalizarlo con un mensaje o una foto.<\/p>\n<ul class=\"_2UDgx\" data-photon=\"product-description-details\">\n<li>9,5 x 8,2 cm<\/li>\n<li>Cer\u00e1mica blanca de alta calidad<\/li>\n<li>Personalizable con la imagen que elijas<\/li>\n<li>Impresi\u00f3n mediante sublimaci\u00f3n t\u00e9rmica<\/li>\n<\/ul>\n","protected":false},"featured_media":29576,"template":"","meta":[],"product_cat":[15],"product_tag":[1834,1835,701,703,700,702,698,1838],"yst_prominent_words":[],"class_list":["post-29573","product","type-product","status-publish","has-post-thumbnail","hentry","product_cat-sin-categorizar","product_tag-madre","product_tag-mama","product_tag-mejor","product_tag-mundo","product_tag-personalizada","product_tag-regalo","product_tag-taza","product_tag-universo"],"_links":{"self":[{"href":"https:\/\/vinilosalacarta.com\/tienda\/wp-json\/wp\/v2\/product\/29573","targetHints":{"allow":["GET"]}}],"collection":[{"href":"https:\/\/vinilosalacarta.com\/tienda\/wp-json\/wp\/v2\/product"}],"about":[{"href":"https:\/\/vinilosalacarta.com\/tienda\/wp-json\/wp\/v2\/types\/product"}],"wp:featuredmedia":[{"embeddable":true,"href":"https:\/\/vinilosalacarta.com\/tienda\/wp-json\/wp\/v2\/media\/29576"}],"wp:attachment":[{"href":"https:\/\/vinilosalacarta.com\/tienda\/wp-json\/wp\/v2\/media?parent=29573"}],"wp:term":[{"taxonomy":"product_cat","embeddable":true,"href":"https:\/\/vinilosalacarta.com\/tienda\/wp-json\/wp\/v2\/product_cat?post=29573"},{"taxonomy":"product_tag","embeddable":true,"href":"https:\/\/vinilosalacarta.com\/tienda\/wp-json\/wp\/v2\/product_tag?post=29573"},{"taxonomy":"yst_prominent_words","embeddable":true,"href":"https:\/\/vinilosalacarta.com\/tienda\/wp-json\/wp\/v2\/yst_prominent_words?post=29573"}],"curies":[{"name":"wp","href":"https:\/\/api.w.org\/{rel}","templated":true}]}}