{"id":29602,"date":"2020-05-31T14:11:08","date_gmt":"2020-05-31T12:11:08","guid":{"rendered":"https:\/\/vinilosalacarta.com\/tienda\/?post_type=product&#038;p=29602"},"modified":"2020-05-31T14:13:02","modified_gmt":"2020-05-31T12:13:02","slug":"taza-pedalear-juntos","status":"publish","type":"product","link":"https:\/\/vinilosalacarta.com\/tienda\/producto\/taza-pedalear-juntos\/","title":{"rendered":"Taza \u00abPedalear Juntos\u00bb"},"content":{"rendered":"","protected":false},"excerpt":{"rendered":"<p>Sorprende a tu pareja o a quien m\u00e1s quieras con este original regalo. Puedes personalizarlo con un mensaje o una foto.<\/p>\n<ul class=\"_2UDgx\" data-photon=\"product-description-details\">\n<li>9,5 x 8,2 cm<\/li>\n<li>Cer\u00e1mica blanca de alta calidad<\/li>\n<li>Personalizable con la imagen que elijas<\/li>\n<li>Impresi\u00f3n mediante sublimaci\u00f3n t\u00e9rmica<\/li>\n<\/ul>\n","protected":false},"featured_media":29605,"template":"","meta":[],"product_cat":[15],"product_tag":[1840,1857,1841,1856,700,702,1843,698,1842,1850],"yst_prominent_words":[],"class_list":["post-29602","product","type-product","status-publish","has-post-thumbnail","hentry","product_cat-sin-categorizar","product_tag-amor","product_tag-juntos","product_tag-parejas","product_tag-pedalear","product_tag-personalizada","product_tag-regalo","product_tag-romantica","product_tag-taza","product_tag-valentin","product_tag-vida"],"_links":{"self":[{"href":"https:\/\/vinilosalacarta.com\/tienda\/wp-json\/wp\/v2\/product\/29602","targetHints":{"allow":["GET"]}}],"collection":[{"href":"https:\/\/vinilosalacarta.com\/tienda\/wp-json\/wp\/v2\/product"}],"about":[{"href":"https:\/\/vinilosalacarta.com\/tienda\/wp-json\/wp\/v2\/types\/product"}],"wp:featuredmedia":[{"embeddable":true,"href":"https:\/\/vinilosalacarta.com\/tienda\/wp-json\/wp\/v2\/media\/29605"}],"wp:attachment":[{"href":"https:\/\/vinilosalacarta.com\/tienda\/wp-json\/wp\/v2\/media?parent=29602"}],"wp:term":[{"taxonomy":"product_cat","embeddable":true,"href":"https:\/\/vinilosalacarta.com\/tienda\/wp-json\/wp\/v2\/product_cat?post=29602"},{"taxonomy":"product_tag","embeddable":true,"href":"https:\/\/vinilosalacarta.com\/tienda\/wp-json\/wp\/v2\/product_tag?post=29602"},{"taxonomy":"yst_prominent_words","embeddable":true,"href":"https:\/\/vinilosalacarta.com\/tienda\/wp-json\/wp\/v2\/yst_prominent_words?post=29602"}],"curies":[{"name":"wp","href":"https:\/\/api.w.org\/{rel}","templated":true}]}}