{"id":29619,"date":"2020-06-02T11:36:31","date_gmt":"2020-06-02T09:36:31","guid":{"rendered":"https:\/\/vinilosalacarta.com\/tienda\/?post_type=product&#038;p=29619"},"modified":"2020-06-02T11:38:08","modified_gmt":"2020-06-02T09:38:08","slug":"corazon-pizarra-15x15","status":"publish","type":"product","link":"https:\/\/vinilosalacarta.com\/tienda\/producto\/corazon-pizarra-15x15\/","title":{"rendered":"Coraz\u00f3n  Pizarra 15&#215;15"},"content":{"rendered":"","protected":false},"excerpt":{"rendered":"<p>Original y elegante portafoto de pizarra personalizable mediante la t\u00e9cnica de la sublimaci\u00f3n. Elemento de decoraci\u00f3n con im\u00e1genes o mensajes originales para colocar sobre una mesa o un estante<\/p>\n<p>Detalle ideal para eventos c\u00f3mo comuniones, bautizos o bodas<\/p>\n<p>Color:\u00a0gris oscuro<\/p>\n<p>Material: piedra de pizarra<\/p>\n<p>Calidad Premium +<\/p>\n<p>Acabado:\u00a0blanco brillante para conseguir la m\u00e1xima calidad de los colores<\/p>\n<p>Incluye\u00a0dos soportes de pl\u00e1stico negro y caja de cart\u00f3n para presenta tus portafotos de una forma m\u00e1s protegida y elegante<\/p>\n<p>Dispone de unos bordes biselados en tonos grises para una acabado m\u00e1s original<\/p>\n<p>Medidas: 15 x 15 cm<\/p>\n<p>Grosor:\u00a05 mm<\/p>\n","protected":false},"featured_media":29620,"template":"","meta":[],"product_cat":[15],"product_tag":[1775,1865,700,1863,1866,1864,702],"yst_prominent_words":[],"class_list":["post-29619","product","type-product","status-publish","has-post-thumbnail","hentry","product_cat-sin-categorizar","product_tag-foto","product_tag-marco","product_tag-personalizada","product_tag-personalizado","product_tag-piedra","product_tag-pizarra","product_tag-regalo"],"_links":{"self":[{"href":"https:\/\/vinilosalacarta.com\/tienda\/wp-json\/wp\/v2\/product\/29619","targetHints":{"allow":["GET"]}}],"collection":[{"href":"https:\/\/vinilosalacarta.com\/tienda\/wp-json\/wp\/v2\/product"}],"about":[{"href":"https:\/\/vinilosalacarta.com\/tienda\/wp-json\/wp\/v2\/types\/product"}],"wp:featuredmedia":[{"embeddable":true,"href":"https:\/\/vinilosalacarta.com\/tienda\/wp-json\/wp\/v2\/media\/29620"}],"wp:attachment":[{"href":"https:\/\/vinilosalacarta.com\/tienda\/wp-json\/wp\/v2\/media?parent=29619"}],"wp:term":[{"taxonomy":"product_cat","embeddable":true,"href":"https:\/\/vinilosalacarta.com\/tienda\/wp-json\/wp\/v2\/product_cat?post=29619"},{"taxonomy":"product_tag","embeddable":true,"href":"https:\/\/vinilosalacarta.com\/tienda\/wp-json\/wp\/v2\/product_tag?post=29619"},{"taxonomy":"yst_prominent_words","embeddable":true,"href":"https:\/\/vinilosalacarta.com\/tienda\/wp-json\/wp\/v2\/yst_prominent_words?post=29619"}],"curies":[{"name":"wp","href":"https:\/\/api.w.org\/{rel}","templated":true}]}}