{"id":29674,"date":"2020-07-13T19:32:29","date_gmt":"2020-07-13T17:32:29","guid":{"rendered":"https:\/\/vinilosalacarta.com\/tienda\/?post_type=product&#038;p=29674"},"modified":"2020-07-13T19:34:19","modified_gmt":"2020-07-13T17:34:19","slug":"mascarilla-reversible-piel-serpiente","status":"publish","type":"product","link":"https:\/\/vinilosalacarta.com\/tienda\/producto\/mascarilla-reversible-piel-serpiente\/","title":{"rendered":"Mascarilla Reversible Piel Serpiente"},"content":{"rendered":"","protected":false},"excerpt":{"rendered":"<p>Accesorio facial reversible Nivel 3<br \/>\nModelo:<br \/>\n-Cara 1: Negra<br \/>\n-Cara 2: Phyton<br \/>\nComposici\u00f3n materias primas: 92% PES\/ 8% SPANDEX<br \/>\nCaracter\u00edsticas:<br \/>\n&#8211; N\u00famero m\u00e1ximo de ciclos de lavado en los que se garantiza la protecci\u00f3n de la mascarilla: 25<br \/>\n&#8211; Las mascarillas deber\u00e1n ser lavadas usando un ciclo de lavado normal,<br \/>\ncompleto, a 60\u00ba con detergente.<br \/>\n-Esta mascarilla deber\u00e1 ser usada como complemento a las medidas de protecci\u00f3n e higiene recomendadas en las reglas de distanciamiento social fundamentales para el control del Covid-19<br \/>\nNOTA IMPORTANTE: Las mascarillas de nivel 2 y 3 no est\u00e1n encuadradas como material m\u00e9dico o equipamiento de protecci\u00f3n individual EPI<\/p>\n","protected":false},"featured_media":29675,"template":"","meta":[],"product_cat":[15],"product_tag":[1911,1784,1778,1910,1790,1909,1785,1908],"yst_prominent_words":[],"class_list":["post-29674","product","type-product","status-publish","has-post-thumbnail","hentry","product_cat-sin-categorizar","product_tag-escamas","product_tag-mascarilla","product_tag-piel","product_tag-piton","product_tag-proteccion","product_tag-python","product_tag-reversible","product_tag-serpiente"],"_links":{"self":[{"href":"https:\/\/vinilosalacarta.com\/tienda\/wp-json\/wp\/v2\/product\/29674","targetHints":{"allow":["GET"]}}],"collection":[{"href":"https:\/\/vinilosalacarta.com\/tienda\/wp-json\/wp\/v2\/product"}],"about":[{"href":"https:\/\/vinilosalacarta.com\/tienda\/wp-json\/wp\/v2\/types\/product"}],"wp:featuredmedia":[{"embeddable":true,"href":"https:\/\/vinilosalacarta.com\/tienda\/wp-json\/wp\/v2\/media\/29675"}],"wp:attachment":[{"href":"https:\/\/vinilosalacarta.com\/tienda\/wp-json\/wp\/v2\/media?parent=29674"}],"wp:term":[{"taxonomy":"product_cat","embeddable":true,"href":"https:\/\/vinilosalacarta.com\/tienda\/wp-json\/wp\/v2\/product_cat?post=29674"},{"taxonomy":"product_tag","embeddable":true,"href":"https:\/\/vinilosalacarta.com\/tienda\/wp-json\/wp\/v2\/product_tag?post=29674"},{"taxonomy":"yst_prominent_words","embeddable":true,"href":"https:\/\/vinilosalacarta.com\/tienda\/wp-json\/wp\/v2\/yst_prominent_words?post=29674"}],"curies":[{"name":"wp","href":"https:\/\/api.w.org\/{rel}","templated":true}]}}