{"id":29682,"date":"2020-07-24T11:21:27","date_gmt":"2020-07-24T09:21:27","guid":{"rendered":"https:\/\/vinilosalacarta.com\/tienda\/?post_type=product&#038;p=29682"},"modified":"2020-07-24T11:26:48","modified_gmt":"2020-07-24T09:26:48","slug":"portamascarillas-censol","status":"publish","type":"product","link":"https:\/\/vinilosalacarta.com\/tienda\/producto\/portamascarillas-censol\/","title":{"rendered":"PORTAMASCARILLAS CENSOL"},"content":{"rendered":"","protected":false},"excerpt":{"rendered":"<p>Portamascarillas en resistente material PP de acabado transl\u00facido. Ideal para el transporte y la protecci\u00f3n de todo tipo de mascarillas. Con pr\u00e1ctico sistema de plegado, dise\u00f1ado para obtener un r\u00e1pido acceso a la mascarilla. F\u00e1cil de desinfectar despu\u00e9s de cada uso e ideal para impresi\u00f3n.<\/p>\n","protected":false},"featured_media":29683,"template":"","meta":[],"product_cat":[15],"product_tag":[1917,1904,1784,1918,1919],"yst_prominent_words":[],"class_list":["post-29682","product","type-product","status-publish","has-post-thumbnail","hentry","product_cat-sin-categorizar","product_tag-caja","product_tag-guarda","product_tag-mascarilla","product_tag-porta","product_tag-portamascarilla"],"_links":{"self":[{"href":"https:\/\/vinilosalacarta.com\/tienda\/wp-json\/wp\/v2\/product\/29682","targetHints":{"allow":["GET"]}}],"collection":[{"href":"https:\/\/vinilosalacarta.com\/tienda\/wp-json\/wp\/v2\/product"}],"about":[{"href":"https:\/\/vinilosalacarta.com\/tienda\/wp-json\/wp\/v2\/types\/product"}],"wp:featuredmedia":[{"embeddable":true,"href":"https:\/\/vinilosalacarta.com\/tienda\/wp-json\/wp\/v2\/media\/29683"}],"wp:attachment":[{"href":"https:\/\/vinilosalacarta.com\/tienda\/wp-json\/wp\/v2\/media?parent=29682"}],"wp:term":[{"taxonomy":"product_cat","embeddable":true,"href":"https:\/\/vinilosalacarta.com\/tienda\/wp-json\/wp\/v2\/product_cat?post=29682"},{"taxonomy":"product_tag","embeddable":true,"href":"https:\/\/vinilosalacarta.com\/tienda\/wp-json\/wp\/v2\/product_tag?post=29682"},{"taxonomy":"yst_prominent_words","embeddable":true,"href":"https:\/\/vinilosalacarta.com\/tienda\/wp-json\/wp\/v2\/yst_prominent_words?post=29682"}],"curies":[{"name":"wp","href":"https:\/\/api.w.org\/{rel}","templated":true}]}}