{"id":29704,"date":"2020-09-20T19:15:46","date_gmt":"2020-09-20T17:15:46","guid":{"rendered":"https:\/\/vinilosalacarta.com\/tienda\/?post_type=product&#038;p=29704"},"modified":"2022-02-11T12:45:02","modified_gmt":"2022-02-11T11:45:02","slug":"lamina-de-nacimiento-rosa","status":"publish","type":"product","link":"https:\/\/vinilosalacarta.com\/tienda\/producto\/lamina-de-nacimiento-rosa\/","title":{"rendered":"Lamina de Nacimiento Rosa"},"content":{"rendered":"","protected":false},"excerpt":{"rendered":"<p>\u00bfBuscas un regalo original para un reci\u00e9n nacido? \u00bfQuieres decorar la habitaci\u00f3n de tu beb\u00e9 y adem\u00e1s recordar todos los detalles de ese d\u00eda tan especial?<\/p>\n<p>Te presentamos esta l\u00e1mina con todos los datos del beb\u00e9&#8230; Nombre, apellidos, fecha y hora de nacimiento, lugar y peso.<\/p>\n<p>\u00bfNecesitas alg\u00fan dato m\u00e1s? Te lo personalizamos sin problema.<\/p>\n<p>Env\u00edanos los datos a pedidos@vinilosalacarta .com o v\u00eda whastapp una vez realizado el pedido y te enviaremos una vista previa de c\u00f3mo quedar\u00e1 tu cuadro antes de imprimirlo.<\/p>\n<p>Adem\u00e1s ahora puedes adquirirlo en dos tama\u00f1os (A4 -30&#215;20 cm y A3 40&#215;30 cm) y en tres formatos, digital, si lo prefieres imprimir t\u00fa (te lo enviaremos por correo electr\u00f3nico), solo la l\u00e1mina (impresa en papel estucado mate de 300 gr) o con marco (impreso en el papel anterior y enmarcado en un precioso marco blanco de PVC imitaci\u00f3n madera y cristal)<\/p>\n","protected":false},"featured_media":29711,"template":"","meta":[],"product_cat":[1986],"product_tag":[1928,1931,1925,1865,1933,1926,1930,1929,1932,1927],"yst_prominent_words":[],"class_list":["post-29704","product","type-product","status-publish","has-post-thumbnail","hentry","product_cat-para-bebes","product_tag-bebe","product_tag-cuadro","product_tag-lamina","product_tag-marco","product_tag-nacido","product_tag-nacimiento","product_tag-natalicio","product_tag-nina","product_tag-recien","product_tag-rosa"],"_links":{"self":[{"href":"https:\/\/vinilosalacarta.com\/tienda\/wp-json\/wp\/v2\/product\/29704","targetHints":{"allow":["GET"]}}],"collection":[{"href":"https:\/\/vinilosalacarta.com\/tienda\/wp-json\/wp\/v2\/product"}],"about":[{"href":"https:\/\/vinilosalacarta.com\/tienda\/wp-json\/wp\/v2\/types\/product"}],"wp:featuredmedia":[{"embeddable":true,"href":"https:\/\/vinilosalacarta.com\/tienda\/wp-json\/wp\/v2\/media\/29711"}],"wp:attachment":[{"href":"https:\/\/vinilosalacarta.com\/tienda\/wp-json\/wp\/v2\/media?parent=29704"}],"wp:term":[{"taxonomy":"product_cat","embeddable":true,"href":"https:\/\/vinilosalacarta.com\/tienda\/wp-json\/wp\/v2\/product_cat?post=29704"},{"taxonomy":"product_tag","embeddable":true,"href":"https:\/\/vinilosalacarta.com\/tienda\/wp-json\/wp\/v2\/product_tag?post=29704"},{"taxonomy":"yst_prominent_words","embeddable":true,"href":"https:\/\/vinilosalacarta.com\/tienda\/wp-json\/wp\/v2\/yst_prominent_words?post=29704"}],"curies":[{"name":"wp","href":"https:\/\/api.w.org\/{rel}","templated":true}]}}