{"id":29713,"date":"2020-09-20T20:51:36","date_gmt":"2020-09-20T18:51:36","guid":{"rendered":"https:\/\/vinilosalacarta.com\/tienda\/?post_type=product&#038;p=29713"},"modified":"2022-01-31T12:44:38","modified_gmt":"2022-01-31T11:44:38","slug":"alfombrilla-corazon","status":"publish","type":"product","link":"https:\/\/vinilosalacarta.com\/tienda\/producto\/alfombrilla-corazon\/","title":{"rendered":"Alfombrilla Coraz\u00f3n"},"content":{"rendered":"","protected":false},"excerpt":{"rendered":"<p>Alfombrilla de rat\u00f3n con forma de coraz\u00f3n.<\/p>\n<p>Parte trasera con base de goma antideslizante y capa superior en poliester blanco, para poder sublimar con tus im\u00e1genes o mensajes m\u00e1s rom\u00e1nticos.<\/p>\n<p><strong>Color:\u00a0<\/strong>base de goma negra y superficie personalizable blanca<\/p>\n<p><strong>\u00c1rea de impresi\u00f3n:<\/strong>\u00a019,5 x 19,5 cm<\/p>\n<p><strong>Grosor:<\/strong>\u00a05 mm<\/p>\n","protected":false},"featured_media":29714,"template":"","meta":[],"product_cat":[15],"product_tag":[1840,1844,1775,1921,1922,1782,702,1781],"yst_prominent_words":[],"class_list":["post-29713","product","type-product","status-publish","has-post-thumbnail","hentry","product_cat-sin-categorizar","product_tag-amor","product_tag-corazon","product_tag-foto","product_tag-love","product_tag-novio","product_tag-pareja","product_tag-regalo","product_tag-san-valentin"],"_links":{"self":[{"href":"https:\/\/vinilosalacarta.com\/tienda\/wp-json\/wp\/v2\/product\/29713","targetHints":{"allow":["GET"]}}],"collection":[{"href":"https:\/\/vinilosalacarta.com\/tienda\/wp-json\/wp\/v2\/product"}],"about":[{"href":"https:\/\/vinilosalacarta.com\/tienda\/wp-json\/wp\/v2\/types\/product"}],"wp:featuredmedia":[{"embeddable":true,"href":"https:\/\/vinilosalacarta.com\/tienda\/wp-json\/wp\/v2\/media\/29714"}],"wp:attachment":[{"href":"https:\/\/vinilosalacarta.com\/tienda\/wp-json\/wp\/v2\/media?parent=29713"}],"wp:term":[{"taxonomy":"product_cat","embeddable":true,"href":"https:\/\/vinilosalacarta.com\/tienda\/wp-json\/wp\/v2\/product_cat?post=29713"},{"taxonomy":"product_tag","embeddable":true,"href":"https:\/\/vinilosalacarta.com\/tienda\/wp-json\/wp\/v2\/product_tag?post=29713"},{"taxonomy":"yst_prominent_words","embeddable":true,"href":"https:\/\/vinilosalacarta.com\/tienda\/wp-json\/wp\/v2\/yst_prominent_words?post=29713"}],"curies":[{"name":"wp","href":"https:\/\/api.w.org\/{rel}","templated":true}]}}