{"id":29717,"date":"2020-09-20T20:56:58","date_gmt":"2020-09-20T18:56:58","guid":{"rendered":"https:\/\/vinilosalacarta.com\/tienda\/?post_type=product&#038;p=29717"},"modified":"2020-09-20T21:06:43","modified_gmt":"2020-09-20T19:06:43","slug":"alfombrilla-rectangular","status":"publish","type":"product","link":"https:\/\/vinilosalacarta.com\/tienda\/producto\/alfombrilla-rectangular\/","title":{"rendered":"Alfombrilla Rectangular"},"content":{"rendered":"","protected":false},"excerpt":{"rendered":"<p>Alfombrilla para el rat\u00f3n personalizable con foto o texto.<\/p>\n<p>Tiene forma rectangular, con base de goma antideslizante y capa superior en poli\u00e9ster blanco, para poder personalizarr con tus im\u00e1genes o mensajes originales. Ideal para dar un toque original y personal a tu \u00e1rea de trabajo<\/p>\n<p><strong>Color:<\/strong>\u00a0base de goma negra y superficie personalizable blanca<\/p>\n<p><strong>\u00c1rea de impresi\u00f3n:<\/strong>\u00a019,5 x 23,5 cm<\/p>\n<p><strong>Grosor:<\/strong>\u00a03 mm<\/p>\n","protected":false},"featured_media":29718,"template":"","meta":[],"product_cat":[15],"product_tag":[1938,1935,1775,1937,1936,702,1781],"yst_prominent_words":[],"class_list":["post-29717","product","type-product","status-publish","has-post-thumbnail","hentry","product_cat-sin-categorizar","product_tag-alfombra","product_tag-alfombrilla","product_tag-foto","product_tag-ordenador","product_tag-raton","product_tag-regalo","product_tag-san-valentin"],"_links":{"self":[{"href":"https:\/\/vinilosalacarta.com\/tienda\/wp-json\/wp\/v2\/product\/29717","targetHints":{"allow":["GET"]}}],"collection":[{"href":"https:\/\/vinilosalacarta.com\/tienda\/wp-json\/wp\/v2\/product"}],"about":[{"href":"https:\/\/vinilosalacarta.com\/tienda\/wp-json\/wp\/v2\/types\/product"}],"wp:featuredmedia":[{"embeddable":true,"href":"https:\/\/vinilosalacarta.com\/tienda\/wp-json\/wp\/v2\/media\/29718"}],"wp:attachment":[{"href":"https:\/\/vinilosalacarta.com\/tienda\/wp-json\/wp\/v2\/media?parent=29717"}],"wp:term":[{"taxonomy":"product_cat","embeddable":true,"href":"https:\/\/vinilosalacarta.com\/tienda\/wp-json\/wp\/v2\/product_cat?post=29717"},{"taxonomy":"product_tag","embeddable":true,"href":"https:\/\/vinilosalacarta.com\/tienda\/wp-json\/wp\/v2\/product_tag?post=29717"},{"taxonomy":"yst_prominent_words","embeddable":true,"href":"https:\/\/vinilosalacarta.com\/tienda\/wp-json\/wp\/v2\/yst_prominent_words?post=29717"}],"curies":[{"name":"wp","href":"https:\/\/api.w.org\/{rel}","templated":true}]}}