{"id":30472,"date":"2023-09-02T19:41:14","date_gmt":"2023-09-02T17:41:14","guid":{"rendered":"https:\/\/vinilosalacarta.com\/tienda\/producto\/balos\/"},"modified":"2023-09-02T19:43:14","modified_gmt":"2023-09-02T17:43:14","slug":"balos","status":"publish","type":"product","link":"https:\/\/vinilosalacarta.com\/tienda\/producto\/balos\/","title":{"rendered":"BALOS"},"content":{"rendered":"<p>Ba\u00f1ador con detalles a contraste y dos bolsillos laterales. Cinturilla el\u00e1stica con cordones decorativos ajustables y ojales met\u00e1licos a contraste. Laterales con vivo a contraste. Bolsillo trasero con ojal de desag\u00fce. Slip interior.<br \/>Composici\u00f3n: 100% poli\u00e9ster, 100 g\/m\u00b2.<br \/><img decoding=\"async\" src=\"https:\/\/static.gorfactory.es\/pics\/measures\/BE_HO.jpg\"><\/p>\n","protected":false},"excerpt":{"rendered":"<p>Ba\u00f1ador con detalles a contraste y dos bolsillos laterales. Cinturilla el\u00e1stica con cordones decorativos ajustables y ojales met\u00e1licos a contraste&#8230;.<\/p>\n","protected":false},"featured_media":30473,"template":"","meta":[],"product_cat":[2003,2002],"product_tag":[],"yst_prominent_words":[],"class_list":["post-30472","product","type-product","status-publish","has-post-thumbnail","hentry","product_cat-banadores-sub-cat","product_cat-casual-summer-category"],"_links":{"self":[{"href":"https:\/\/vinilosalacarta.com\/tienda\/wp-json\/wp\/v2\/product\/30472","targetHints":{"allow":["GET"]}}],"collection":[{"href":"https:\/\/vinilosalacarta.com\/tienda\/wp-json\/wp\/v2\/product"}],"about":[{"href":"https:\/\/vinilosalacarta.com\/tienda\/wp-json\/wp\/v2\/types\/product"}],"wp:featuredmedia":[{"embeddable":true,"href":"https:\/\/vinilosalacarta.com\/tienda\/wp-json\/wp\/v2\/media\/30473"}],"wp:attachment":[{"href":"https:\/\/vinilosalacarta.com\/tienda\/wp-json\/wp\/v2\/media?parent=30472"}],"wp:term":[{"taxonomy":"product_cat","embeddable":true,"href":"https:\/\/vinilosalacarta.com\/tienda\/wp-json\/wp\/v2\/product_cat?post=30472"},{"taxonomy":"product_tag","embeddable":true,"href":"https:\/\/vinilosalacarta.com\/tienda\/wp-json\/wp\/v2\/product_tag?post=30472"},{"taxonomy":"yst_prominent_words","embeddable":true,"href":"https:\/\/vinilosalacarta.com\/tienda\/wp-json\/wp\/v2\/yst_prominent_words?post=30472"}],"curies":[{"name":"wp","href":"https:\/\/api.w.org\/{rel}","templated":true}]}}