{"id":30518,"date":"2023-09-02T19:43:16","date_gmt":"2023-09-02T17:43:16","guid":{"rendered":"https:\/\/vinilosalacarta.com\/tienda\/producto\/aqua\/"},"modified":"2023-09-02T19:46:34","modified_gmt":"2023-09-02T17:46:34","slug":"aqua","status":"publish","type":"product","link":"https:\/\/vinilosalacarta.com\/tienda\/producto\/aqua\/","title":{"rendered":"AQUA"},"content":{"rendered":"<p>Ba\u00f1ador. 2 bolsillos laterales. Cord\u00f3n ajustable al tono, bolsillo trasero con tapeta y ojal de desag\u00fce. Apertura lateral. Pespunte de carga doble hilo al tono. Slip interior. Forro bolsillo calado.<br \/>\n<br \/>Composici\u00f3n: 100% poli\u00e9ster, 100 g\/m\u00b2.<br \/>Observaciones: *Disponible en tallas infantiles.<br \/><img decoding=\"async\" src=\"https:\/\/static.gorfactory.es\/pics\/measures\/BE_HO.jpg\"><\/p>\n","protected":false},"excerpt":{"rendered":"<p>Ba\u00f1ador. 2 bolsillos laterales. Cord\u00f3n ajustable al tono, bolsillo trasero con tapeta y ojal de desag\u00fce. Apertura lateral. Pespunte de&#8230;<\/p>\n","protected":false},"featured_media":30519,"template":"","meta":[],"product_cat":[2003,2002],"product_tag":[],"yst_prominent_words":[],"class_list":["post-30518","product","type-product","status-publish","has-post-thumbnail","hentry","product_cat-banadores-sub-cat","product_cat-casual-summer-category"],"_links":{"self":[{"href":"https:\/\/vinilosalacarta.com\/tienda\/wp-json\/wp\/v2\/product\/30518","targetHints":{"allow":["GET"]}}],"collection":[{"href":"https:\/\/vinilosalacarta.com\/tienda\/wp-json\/wp\/v2\/product"}],"about":[{"href":"https:\/\/vinilosalacarta.com\/tienda\/wp-json\/wp\/v2\/types\/product"}],"wp:featuredmedia":[{"embeddable":true,"href":"https:\/\/vinilosalacarta.com\/tienda\/wp-json\/wp\/v2\/media\/30519"}],"wp:attachment":[{"href":"https:\/\/vinilosalacarta.com\/tienda\/wp-json\/wp\/v2\/media?parent=30518"}],"wp:term":[{"taxonomy":"product_cat","embeddable":true,"href":"https:\/\/vinilosalacarta.com\/tienda\/wp-json\/wp\/v2\/product_cat?post=30518"},{"taxonomy":"product_tag","embeddable":true,"href":"https:\/\/vinilosalacarta.com\/tienda\/wp-json\/wp\/v2\/product_tag?post=30518"},{"taxonomy":"yst_prominent_words","embeddable":true,"href":"https:\/\/vinilosalacarta.com\/tienda\/wp-json\/wp\/v2\/yst_prominent_words?post=30518"}],"curies":[{"name":"wp","href":"https:\/\/api.w.org\/{rel}","templated":true}]}}